{"id":1204,"date":"2015-09-25T15:14:31","date_gmt":"2015-09-25T15:14:31","guid":{"rendered":"https:\/\/avada.theme-fusion.com\/church\/?page_id=1204"},"modified":"2023-12-06T14:20:43","modified_gmt":"2023-12-06T13:20:43","slug":"glauben","status":"publish","type":"page","link":"https:\/\/efg-hersbruck.de\/wordpress\/glauben\/","title":{"rendered":"Glauben"},"content":{"rendered":"<p><div id=\"glaube\" class=\"fusion-container-anchor\"><div class=\"fusion-fullwidth fullwidth-box fusion-builder-row-1 nonhundred-percent-fullwidth non-hundred-percent-height-scrolling\" style=\"--awb-background-position:left top;--awb-border-sizes-top:0px;--awb-border-sizes-bottom:0px;--awb-border-sizes-left:0px;--awb-border-sizes-right:0px;--awb-border-radius-top-left:0px;--awb-border-radius-top-right:0px;--awb-border-radius-bottom-right:0px;--awb-border-radius-bottom-left:0px;--awb-padding-top:90px;--awb-padding-right:15%;--awb-padding-bottom:90px;--awb-padding-left:15%;--awb-flex-wrap:wrap;\" ><div class=\"fusion-builder-row fusion-row\"><div class=\"fusion-layout-column fusion_builder_column fusion-builder-column-0 fusion_builder_column_1_1 1_1 fusion-one-full fusion-column-first fusion-column-last fusion-column-no-min-height\" style=\"--awb-bg-size:cover;\"><div class=\"fusion-column-wrapper fusion-flex-column-wrapper-legacy\"><div class=\"fusion-sep-clear\"><\/div><div class=\"fusion-separator fusion-full-width-sep\" style=\"margin-left: auto;margin-right: auto;margin-top:20px;margin-bottom:20px;width:100%;\"><\/div><div class=\"fusion-sep-clear\"><\/div><div class=\"fusion-clearfix\"><\/div><\/div><\/div><div class=\"fusion-layout-column fusion_builder_column fusion-builder-column-1 fusion_builder_column_1_1 1_1 fusion-one-full fusion-column-first fusion-column-last fusion-column-no-min-height fusion-animated\" style=\"--awb-bg-size:cover;\" data-animationType=\"slideInLeft\" data-animationDuration=\"1.0\" data-animationOffset=\"top-into-view\"><div class=\"fusion-column-wrapper fusion-flex-column-wrapper-legacy\"><div class=\"fusion-text fusion-text-1\"><h1 style=\"text-align: center;\">Wir glauben<\/h1>\n<h4 style=\"text-align: center;\">\n<p>an den <b>dreieinigen Gott der Bibel<\/b>, den Vater, den Sohn Jesus Christus und den Heiligen Geist. Er hat die Welt erschaffen. Er liebt uns Menschen und jeder ist ihm wichtig.<\/p>\n<p><b>Jesus Christus<\/b>, der Sohn Gottes, wurde Mensch. Durch ihn k\u00f6nnen wir zu Gott finden und Gott als guten Vater kennenlernen. Er starb aus Liebe am Kreuz f\u00fcr unsere Schuld, die uns von Gott trennte. Er ist auferstanden und lebt. Gott hat ihn zum Herrn \u00fcber die sichtbare und unsichtbare Welt gemacht. Er wird sichtbar wiederkommen, um uns als seine Kinder in Sein Reich zu holen. <\/p>\n<p><b>Es ist Gottes Plan, dass jeder Mensch Jesus kennenlernt und von seinen S\u00fcnden umkehrt.<\/b> Wer seine Schuld bekennt und Jesus Christus als seinen Retter anerkennt, bekommt die Vergebung seiner Schuld und erh\u00e4lt ewiges Leben. In Christus erkennen wir also, dass wir s\u00fcndiger und fehlerhafter sind, als wir je zu glauben vermochten, doch gleichzeitig sind wir in Ihm geliebter und angenommener, als wir es je zu hoffen wagten.<\/p>\n<p>Jesus hat uns den <b>Heiligen Geist<\/b> geschenkt, mit seiner Hilfe k\u00f6nnen wir Gott immer besser verstehen und Ihn pers\u00f6nlich erfahren. Vom Geist Gottes d\u00fcrfen wir erwarten, dass Er uns in unserem Zusammenleben und im pers\u00f6nlichen Alltag leitet. <\/p>\n<p>Wir sind \u00fcberzeugt, dass die <b>Bibel<\/b> zuverl\u00e4ssig Gottes Reden wiedergibt. Sie enth\u00e4lt die Grundlagen f\u00fcr unseren Glauben und unser ganzes Leben. Durch sie lernen wir Jesus Christus, unseren Herrn, kennen.<\/p>\n<p>Wir verstehen uns als von Gott gesandte Gemeinde in dieser Welt. <b>Wir wollen Gott lieben und unseren N\u00e4chsten lieben.<\/b><\/p>\n<\/h4>\n<h4 style=\"text-align: center;\">Wir bekennen damit das <a class=\"fusion-modal-text-link\" data-toggle=\"modal\" data-target=\".fusion-modal.apostolisches_glaubensbekenntnis\" href=\"#\">Apostolische Glaubensbekenntnis<\/a>und geh\u00f6ren zu unserem Gemeindeverband, dem <a href=\"www.ChristusForum.de\" target=\"_blank\" rel=\"noopener noreferrer\">ChristusForum Deutschland<\/a>. <\/h4>\n<\/div><div class=\"fusion-modal modal fade modal-1 apostolisches_glaubensbekenntnis\" tabindex=\"-1\" role=\"dialog\" aria-labelledby=\"modal-heading-1\" aria-hidden=\"true\" style=\"--awb-border-color:#ebebeb;--awb-background:#f6f6f6;\"><div class=\"modal-dialog modal-lg\" role=\"document\"><div class=\"modal-content fusion-modal-content\"><div class=\"modal-header\"><button class=\"close\" type=\"button\" data-dismiss=\"modal\" aria-hidden=\"true\" aria-label=\"Close\">&times;<\/button><h3 class=\"modal-title\" id=\"modal-heading-1\" data-dismiss=\"modal\" aria-hidden=\"true\">Apostolisches Glaubensbekenntnis<\/h3><\/div><div class=\"modal-body fusion-clearfix\">\n<h4>Ich glaube an Gott, den Vater,<br \/>\nden Allm\u00e4chtigen,<br \/>\nden Sch\u00f6pfer des Himmels und der Erde.<\/h4>\n<h4>Und an Jesus Christus,<br \/>\nseinen eingeborenen Sohn, unsern Herrn,<br \/>\nempfangen durch den Heiligen Geist,<br \/>\ngeboren von der Jungfrau Maria,<br \/>\ngelitten unter Pontius Pilatus,<br \/>\ngekreuzigt, gestorben und begraben,<br \/>\nhinabgestiegen in das Reich des Todes,<br \/>\nam dritten Tage auferstanden von den Toten,<br \/>\naufgefahren in den Himmel;<br \/>\ner sitzt zur Rechten Gottes,<br \/>\ndes allm\u00e4chtigen Vaters;<br \/>\nvon dort wird er kommen,<br \/>\nzu richten die Lebenden und die Toten.<\/h4>\n<h4>Ich glaube an den Heiligen Geist,<br \/>\ndie heilige christliche Kirche,<br \/>\nGemeinschaft der Heiligen,<br \/>\nVergebung der S\u00fcnden,<br \/>\nAuferstehung der Toten<br \/>\nund das ewige Leben.<\/h4>\n<\/div><div class=\"modal-footer\"><button class=\"fusion-button button-default button-medium button default medium\" type=\"button\" data-dismiss=\"modal\">Close<\/button><\/div><\/div><\/div><\/div><div class=\"fusion-modal modal fade modal-2 CFD_Bekenntnis\" tabindex=\"-1\" role=\"dialog\" aria-labelledby=\"modal-heading-2\" aria-hidden=\"true\" style=\"--awb-border-color:#ebebeb;--awb-background:#f6f6f6;\"><div class=\"modal-dialog modal-lg\" role=\"document\"><div class=\"modal-content fusion-modal-content\"><div class=\"modal-header\"><button class=\"close\" type=\"button\" data-dismiss=\"modal\" aria-hidden=\"true\" aria-label=\"Close\">&times;<\/button><h3 class=\"modal-title\" id=\"modal-heading-2\" data-dismiss=\"modal\" aria-hidden=\"true\">Bekenntnis ChristusForum Deutschland<\/h3><\/div><div class=\"modal-body fusion-clearfix\">\n<h4 class=\"bodytext\"><b>Gott hat die Welt geschaffen.<\/b><br \/>\nEr ist der Sch\u00f6pfer des Universums.<b><\/b><\/h4>\n<h4 class=\"bodytext\"><b>Der Mensch wurde im Bilde Gottes geschaffen.<\/b><br \/>\nEr besitzt deshalb eine einzigartige W\u00fcrde.<b><\/b><\/h4>\n<h4 class=\"bodytext\"><b>Der Mensch ist S\u00fcnder.<\/b><br \/>\nIm historischen S\u00fcndenfall zerbrach die Gemeinschaft zwischen Mensch und Gott.<b><\/b><\/h4>\n<h4 class=\"bodytext\"><b>Gott liebt den Menschen.<\/b><br \/>\nKeiner ist ihm gleichg\u00fcltig, deshalb sandte er seinen Sohn Jesus Christus.<b><\/b><\/h4>\n<h4 class=\"bodytext\"><b>Jesus Christus, der Sohn Gottes, wurde Mensch.<\/b><br \/>\nNur durch ihn finden wir zu Gott.<b><\/b><\/h4>\n<h4 class=\"bodytext\"><b>Er starb f\u00fcr uns am Kreuz.<\/b><br \/>\nEr nimmt jedem, der an ihn glaubt, die Schuld ab,<br \/>\ndie ihn von Gott trennt.<b><\/b><\/h4>\n<h4 class=\"bodytext\"><b>Er ist auferstanden und lebt.<\/b><br \/>\nEr schenkt uns ewiges Leben und verbindet uns in seiner Gemeinde durch den Heiligen Geist, der in uns wohnt.<b><\/b><\/h4>\n<h4 class=\"bodytext\"><b>Er kommt wieder &#8211; <\/b><br \/>\nzur Vollendung seiner Gemeinde und des Heilsplanes Gottes, darum gehen wir erwartungsvoll in die Zukunft.<b><\/b><\/h4>\n<h4 class=\"bodytext\"><b>Wir bekennen uns zur g\u00f6ttlichen Eingebung der Heiligen Schrift &#8211;<\/b><br \/>\nihrer v\u00f6lligen Zuverl\u00e4ssigkeit und Autorit\u00e4t in allen ihren Aussagen. Sie ist uns verbindlich f\u00fcr Glauben und Leben.<\/h4>\n<\/div><div class=\"modal-footer\"><button class=\"fusion-button button-default button-medium button default medium\" type=\"button\" data-dismiss=\"modal\">Close<\/button><\/div><\/div><\/div><\/div><div class=\"fusion-sep-clear\"><\/div><div class=\"fusion-separator fusion-full-width-sep\" style=\"margin-left: auto;margin-right: auto;margin-top:10px;margin-bottom:10px;width:100%;\"><\/div><div class=\"fusion-sep-clear\"><\/div><div class=\"fusion-clearfix\"><\/div><\/div><\/div><\/div><\/div><\/div><div id=\"freikirche\" class=\"fusion-container-anchor\"><div class=\"fusion-fullwidth fullwidth-box fusion-builder-row-2 nonhundred-percent-fullwidth non-hundred-percent-height-scrolling\" style=\"--awb-border-sizes-top:0px;--awb-border-sizes-bottom:0px;--awb-border-sizes-left:0px;--awb-border-sizes-right:0px;--awb-border-radius-top-left:0px;--awb-border-radius-top-right:0px;--awb-border-radius-bottom-right:0px;--awb-border-radius-bottom-left:0px;--awb-padding-top:130px;--awb-padding-right:20%;--awb-padding-bottom:160px;--awb-padding-left:20%;--awb-background-color:#3f5d7a;--awb-flex-wrap:wrap;\" ><div class=\"fusion-builder-row fusion-row\"><div class=\"fusion-layout-column fusion_builder_column fusion-builder-column-2 fusion_builder_column_1_1 1_1 fusion-one-full fusion-column-first fusion-column-last fusion-column-no-min-height fusion-animated\" style=\"--awb-bg-size:cover;\" data-animationType=\"slideInRight\" data-animationDuration=\"1.0\" data-animationOffset=\"top-mid-of-view\"><div class=\"fusion-column-wrapper fusion-flex-column-wrapper-legacy\"><div class=\"fusion-text fusion-text-2\"><h1 style=\"text-align: center;\"><span style=\"color: #ffffff;\">Freikirche?\u00a0<\/span><\/h1>\n<h4 style=\"text-align: center;\"><span style=\"color: #000000;\"><span style=\"color: #ffffff;\">Als Freikirche sind wir rechtlich und organisatorisch unabh\u00e4ngig von Staat und den Volkskirchen. Wir wissen uns aber durch das gemeinsame Bekenntnis zu Jesus Christus mit vielen Glaubenden in den verschiedensten Kirchen und Gemeinden verbunden. Im Rahmen der Evangelischen Allianz arbeiten wir in Hersbruck mit anderen Freikirchen, der Landeskirchlichen Gemeinschaft und Gemeinden der evangelischen Kirche zusammen. Wir sind Mitglied im Bund evangelisch-freikirchlicher Gemeinden, Kd\u00d6R. Dies ist ein Zusammenschluss von mehreren hundert Baptisten- und Br\u00fcdergemeinden in Deutschland.<\/span><br \/>\n<span style=\"color: #ffffff;\"> Niemand wird in unsere Kirche \u201ehineingeboren\u201c. Nicht die Eltern eines Menschen bestimmen, ob er Christ oder einer Kirchengemeinde zugeh\u00f6rig ist; jeder entscheidet sich freiwillig, Christ zu werden und sich dann taufen zu lassen. Wir nennen das die Bekenntnistaufe. Freiwilligkeit und bewusste Entscheidung sind Grundlage der Zugeh\u00f6rigkeit zu einer Gemeinschaft, deren Zentrum der Herr Jesus Christus, der Sohn Gottes, ist.<\/span><br \/>\n<span style=\"color: #ffffff;\"> Die Kosten f\u00fcr unsere Gemeindearbeit werden durch Spenden getragen.<\/span><br \/>\n<\/span><\/h4>\n<\/div><div class=\"fusion-sep-clear\"><\/div><div class=\"fusion-separator fusion-full-width-sep\" style=\"margin-left: auto;margin-right: auto;margin-top:10px;margin-bottom:10px;width:100%;\"><\/div><div class=\"fusion-sep-clear\"><\/div><div class=\"fusion-clearfix\"><\/div><\/div><\/div><\/div><\/div><\/div><div id=\"taufe\" class=\"fusion-container-anchor\"><div class=\"fusion-fullwidth fullwidth-box fusion-builder-row-3 nonhundred-percent-fullwidth non-hundred-percent-height-scrolling\" style=\"--awb-background-position:left top;--awb-border-sizes-top:0px;--awb-border-sizes-bottom:0px;--awb-border-sizes-left:0px;--awb-border-sizes-right:0px;--awb-border-radius-top-left:0px;--awb-border-radius-top-right:0px;--awb-border-radius-bottom-right:0px;--awb-border-radius-bottom-left:0px;--awb-padding-top:90px;--awb-padding-right:15%;--awb-padding-bottom:90px;--awb-padding-left:15%;--awb-flex-wrap:wrap;\" ><div class=\"fusion-builder-row fusion-row\"><div class=\"fusion-layout-column fusion_builder_column fusion-builder-column-3 fusion_builder_column_1_1 1_1 fusion-one-full fusion-column-first fusion-column-last fusion-column-no-min-height\" style=\"--awb-bg-size:cover;\"><div class=\"fusion-column-wrapper fusion-flex-column-wrapper-legacy\"><div class=\"fusion-sep-clear\"><\/div><div class=\"fusion-separator fusion-full-width-sep\" style=\"margin-left: auto;margin-right: auto;margin-top:20px;margin-bottom:20px;width:100%;\"><\/div><div class=\"fusion-sep-clear\"><\/div><div class=\"fusion-clearfix\"><\/div><\/div><\/div><div class=\"fusion-layout-column fusion_builder_column fusion-builder-column-4 fusion_builder_column_1_1 1_1 fusion-one-full fusion-column-first fusion-column-last fusion-column-no-min-height fusion-animated\" style=\"--awb-bg-size:cover;\" data-animationType=\"slideInLeft\" data-animationDuration=\"1.0\" data-animationOffset=\"top-mid-of-view\"><div class=\"fusion-column-wrapper fusion-flex-column-wrapper-legacy\"><div class=\"fusion-text fusion-text-3\"><h1 style=\"text-align: center;\">Taufe!?<\/h1>\n<h4 style=\"text-align: center;\">Wir praktizieren die Bekenntnistaufe, das bedeutet:<br \/>\nNur wer Jesus Christus pers\u00f6nlich als Retter und Herrn anerkennt, kann getauft werden.<br \/>\nUnsere Kinder werden im S\u00e4uglingsalter im Gottesdienst gesegnet.<br \/>\nDabei bitten wir Gott f\u00fcr sie um Schutz und Leitung und darum, dass sie selber einmal ihr ganzes Leben Jesus Christus anvertrauen.<\/h4>\n<\/div><div class=\"fusion-sep-clear\"><\/div><div class=\"fusion-separator fusion-full-width-sep\" style=\"margin-left: auto;margin-right: auto;margin-top:10px;margin-bottom:10px;width:100%;\"><\/div><div class=\"fusion-sep-clear\"><\/div><div class=\"fusion-clearfix\"><\/div><\/div><\/div><\/div><\/div><\/div><\/p>\n","protected":false},"excerpt":{"rendered":"","protected":false},"author":2,"featured_media":0,"parent":0,"menu_order":0,"comment_status":"closed","ping_status":"closed","template":"100-width.php","meta":{"footnotes":""},"class_list":["post-1204","page","type-page","status-publish","hentry"],"_links":{"self":[{"href":"https:\/\/efg-hersbruck.de\/wordpress\/wp-json\/wp\/v2\/pages\/1204","targetHints":{"allow":["GET"]}}],"collection":[{"href":"https:\/\/efg-hersbruck.de\/wordpress\/wp-json\/wp\/v2\/pages"}],"about":[{"href":"https:\/\/efg-hersbruck.de\/wordpress\/wp-json\/wp\/v2\/types\/page"}],"author":[{"embeddable":true,"href":"https:\/\/efg-hersbruck.de\/wordpress\/wp-json\/wp\/v2\/users\/2"}],"replies":[{"embeddable":true,"href":"https:\/\/efg-hersbruck.de\/wordpress\/wp-json\/wp\/v2\/comments?post=1204"}],"version-history":[{"count":34,"href":"https:\/\/efg-hersbruck.de\/wordpress\/wp-json\/wp\/v2\/pages\/1204\/revisions"}],"predecessor-version":[{"id":10315,"href":"https:\/\/efg-hersbruck.de\/wordpress\/wp-json\/wp\/v2\/pages\/1204\/revisions\/10315"}],"wp:attachment":[{"href":"https:\/\/efg-hersbruck.de\/wordpress\/wp-json\/wp\/v2\/media?parent=1204"}],"curies":[{"name":"wp","href":"https:\/\/api.w.org\/{rel}","templated":true}]}}