{"id":10570,"date":"2024-07-30T13:20:34","date_gmt":"2024-07-30T11:20:34","guid":{"rendered":"https:\/\/efg-hersbruck.de\/wordpress\/?page_id=10570"},"modified":"2025-11-29T17:33:02","modified_gmt":"2025-11-29T16:33:02","slug":"ehe","status":"publish","type":"page","link":"https:\/\/efg-hersbruck.de\/wordpress\/ehe\/","title":{"rendered":"Zeit zu zweit Abende"},"content":{"rendered":"<p><div class=\"fusion-fullwidth fullwidth-box fusion-builder-row-1 fusion-flex-container has-pattern-background has-mask-background nonhundred-percent-fullwidth non-hundred-percent-height-scrolling\" style=\"--awb-border-radius-top-left:0px;--awb-border-radius-top-right:0px;--awb-border-radius-bottom-right:0px;--awb-border-radius-bottom-left:0px;--awb-padding-right:0px;--awb-padding-left:0px;--awb-margin-bottom-small:14px;--awb-flex-wrap:nowrap;\" ><div class=\"fusion-builder-row fusion-row fusion-flex-align-items-flex-start fusion-flex-justify-content-center fusion-flex-content-wrap\" style=\"max-width:1216.8px;margin-left: calc(-4% \/ 2 );margin-right: calc(-4% \/ 2 );\"><div class=\"fusion-layout-column fusion_builder_column fusion-builder-column-0 fusion_builder_column_1_1 1_1 fusion-flex-column\" style=\"--awb-bg-size:cover;--awb-width-large:100%;--awb-margin-top-large:0px;--awb-spacing-right-large:0%;--awb-margin-bottom-large:0px;--awb-spacing-left-large:0%;--awb-width-medium:100%;--awb-order-medium:0;--awb-spacing-right-medium:1.92%;--awb-spacing-left-medium:1.92%;--awb-width-small:100%;--awb-order-small:0;--awb-spacing-right-small:1.92%;--awb-spacing-left-small:1.92%;\"><div class=\"fusion-column-wrapper fusion-column-has-shadow fusion-flex-justify-content-flex-start fusion-content-layout-column\"><div class=\"fusion-image-element fusion-no-small-visibility\" style=\"--awb-caption-title-color:#ffffff;--awb-caption-title-font-family:var(--body_typography-font-family);--awb-caption-title-font-weight:var(--body_typography-font-weight);--awb-caption-title-font-style:var(--body_typography-font-style);--awb-caption-title-size:var(--body_typography-font-size);--awb-caption-title-transform:var(--body_typography-text-transform);--awb-caption-title-line-height:var(--body_typography-line-height);--awb-caption-title-letter-spacing:var(--body_typography-letter-spacing);\"><span class=\" fusion-imageframe imageframe-none imageframe-1 hover-type-zoomin\"><img decoding=\"async\" width=\"2436\" height=\"1125\" title=\"Header-Ehe-Alpha-26-1\" src=\"https:\/\/efg-hersbruck.de\/wordpress\/wp-content\/uploads\/2025\/11\/Header-Ehe-Alpha-26-1.png\" data-orig-src=\"https:\/\/efg-hersbruck.de\/wordpress\/wp-content\/uploads\/2025\/11\/Header-Ehe-Alpha-26-1.png\" alt class=\"lazyload img-responsive wp-image-11066\" srcset=\"data:image\/svg+xml,%3Csvg%20xmlns%3D%27http%3A%2F%2Fwww.w3.org%2F2000%2Fsvg%27%20width%3D%272436%27%20height%3D%271125%27%20viewBox%3D%270%200%202436%201125%27%3E%3Crect%20width%3D%272436%27%20height%3D%271125%27%20fill-opacity%3D%220%22%2F%3E%3C%2Fsvg%3E\" data-srcset=\"https:\/\/efg-hersbruck.de\/wordpress\/wp-content\/uploads\/2025\/11\/Header-Ehe-Alpha-26-1-200x92.png 200w, https:\/\/efg-hersbruck.de\/wordpress\/wp-content\/uploads\/2025\/11\/Header-Ehe-Alpha-26-1-400x185.png 400w, https:\/\/efg-hersbruck.de\/wordpress\/wp-content\/uploads\/2025\/11\/Header-Ehe-Alpha-26-1-600x277.png 600w, https:\/\/efg-hersbruck.de\/wordpress\/wp-content\/uploads\/2025\/11\/Header-Ehe-Alpha-26-1-800x369.png 800w, https:\/\/efg-hersbruck.de\/wordpress\/wp-content\/uploads\/2025\/11\/Header-Ehe-Alpha-26-1-1200x554.png 1200w, https:\/\/efg-hersbruck.de\/wordpress\/wp-content\/uploads\/2025\/11\/Header-Ehe-Alpha-26-1.png 2436w\" data-sizes=\"auto\" data-orig-sizes=\"(max-width: 1024px) 100vw, (max-width: 640px) 100vw, 1200px\" \/><\/span><\/div><div class=\"fusion-image-element fusion-no-medium-visibility fusion-no-large-visibility\" style=\"--awb-aspect-ratio:1 \/ 1;--awb-caption-title-color:#ffffff;--awb-caption-title-font-family:var(--body_typography-font-family);--awb-caption-title-font-weight:var(--body_typography-font-weight);--awb-caption-title-font-style:var(--body_typography-font-style);--awb-caption-title-size:var(--body_typography-font-size);--awb-caption-title-transform:var(--body_typography-text-transform);--awb-caption-title-line-height:var(--body_typography-line-height);--awb-caption-title-letter-spacing:var(--body_typography-letter-spacing);\"><span class=\" fusion-imageframe imageframe-none imageframe-2 hover-type-zoomin has-aspect-ratio\"><img decoding=\"async\" width=\"2436\" height=\"1125\" title=\"Header-Ehe-Alpha-26-1\" src=\"https:\/\/efg-hersbruck.de\/wordpress\/wp-content\/uploads\/2025\/11\/Header-Ehe-Alpha-26-1.png\" data-orig-src=\"https:\/\/efg-hersbruck.de\/wordpress\/wp-content\/uploads\/2025\/11\/Header-Ehe-Alpha-26-1.png\" class=\"lazyload img-responsive wp-image-11066 img-with-aspect-ratio\" data-parent-fit=\"cover\" data-parent-container=\".fusion-image-element\" alt srcset=\"data:image\/svg+xml,%3Csvg%20xmlns%3D%27http%3A%2F%2Fwww.w3.org%2F2000%2Fsvg%27%20width%3D%272436%27%20height%3D%271125%27%20viewBox%3D%270%200%202436%201125%27%3E%3Crect%20width%3D%272436%27%20height%3D%271125%27%20fill-opacity%3D%220%22%2F%3E%3C%2Fsvg%3E\" data-srcset=\"https:\/\/efg-hersbruck.de\/wordpress\/wp-content\/uploads\/2025\/11\/Header-Ehe-Alpha-26-1-200x92.png 200w, https:\/\/efg-hersbruck.de\/wordpress\/wp-content\/uploads\/2025\/11\/Header-Ehe-Alpha-26-1-400x185.png 400w, https:\/\/efg-hersbruck.de\/wordpress\/wp-content\/uploads\/2025\/11\/Header-Ehe-Alpha-26-1-600x277.png 600w, https:\/\/efg-hersbruck.de\/wordpress\/wp-content\/uploads\/2025\/11\/Header-Ehe-Alpha-26-1-800x369.png 800w, https:\/\/efg-hersbruck.de\/wordpress\/wp-content\/uploads\/2025\/11\/Header-Ehe-Alpha-26-1-1200x554.png 1200w, https:\/\/efg-hersbruck.de\/wordpress\/wp-content\/uploads\/2025\/11\/Header-Ehe-Alpha-26-1.png 2436w\" data-sizes=\"auto\" data-orig-sizes=\"(max-width: 1024px) 100vw, (max-width: 640px) 100vw, 1200px\" \/><\/span><\/div><div class=\"fusion-text fusion-text-1\" style=\"--awb-content-alignment:justify;--awb-margin-right:0px;--awb-margin-left:0px;\"><h1>Investiere in eine gl\u00fcckliche Ehe<\/h1>\n<p><span style=\"letter-spacing: normal; line-height: 30px;\" data-fusion-font=\"true\">Wie gl\u00fccklich wir in unseren Ehen sind, beeinflusst ma\u00dfgeblich, wie gl\u00fccklich wir in unserem Leben sind. <\/span><span style=\"font-family: 'Spartan SemiBold'; letter-spacing: normal; line-height: 30px;\" data-fusion-font=\"true\">Mit den \u201eZeit zu zweit Abenden\u201c bieten wir Euch eine M\u00f6glichkeit, um in eine erf\u00fcllte Ehe zu investieren.<\/span><span style=\"letter-spacing: normal; line-height: 30px;\" data-fusion-font=\"true\"> Zu vier Abenden im Herbst laden wir Euch ein: Genie\u00dft wertvolle Zeit zu zweit, bei einem sch\u00f6nen Abendessen und erlebt anschlie\u00dfend segensreiche Impulse, die Ihr im gemeinsamen Gespr\u00e4ch vertiefen k\u00f6nnt.<\/span><\/p>\n<p><span style=\"letter-spacing: normal; line-height: 30px;\" data-fusion-font=\"true\">Die Abende werden Euch als Ehepaar helfen, Eure Beziehung zu st\u00e4rken und sie neu zu beleben \u2013 unabh\u00e4ngig davon, ob Ihr frisch verliebt oder schon lange verheiratet seid, ob Ihr eine harmonische Beziehung erlebt oder gerade eine schwere Phase durchmacht. Das leichtzug\u00e4ngliche Material des Ehe-Alphakurses wird Themen wie Kommunikation, Konfliktl\u00f6sung, Intimit\u00e4t und vieles mehr behandeln. <\/span><span style=\"font-family: 'Spartan SemiBold'; letter-spacing: normal; line-height: 30px;\" data-fusion-font=\"true\">Ihr erhaltet Werkzeuge und Anregungen, die Ihr direkt in Eurem Alltag umsetzen k\u00f6nnt.<\/span><span style=\"letter-spacing: normal; line-height: 30px;\" data-fusion-font=\"true\"> Tipps zur Kommunikation schaffen neue N\u00e4he. Euer eigenes Journal wird dabei ein segensreiches Tool sein. Jeder Abend schenkt Euch Zeit, als Paar Eure Gedanken und Gef\u00fchle auszutauschen. Niemand wird Euch an den Abenden darum bitten, mit einer anderen Person au\u00dfer dem eigenen Partner \u00fcber Pers\u00f6nliches aus Eurer Beziehung zu sprechen. Eure Privatsph\u00e4re wird respektiert. Es finden keine Gruppendiskussionen\/-gespr\u00e4che statt.<\/span><\/p>\n<p><span style=\"letter-spacing: normal; line-height: 30px;\" data-fusion-font=\"true\">Kurz: es sind Eure Abende, f\u00fcr eine gl\u00fcckliche Ehe!<\/span><\/p>\n<p><span style=\"font-family: var(--awb-text-font-family); font-size: var(--awb-font-size); font-style: var(--awb-text-font-style); text-align: var(--awb-content-alignment); text-transform: var(--awb-text-transform);\">Wir freuen uns auf Eure Teilnahme<\/span><\/p>\n<\/div><\/div><\/div><\/div><\/div><div class=\"fusion-fullwidth fullwidth-box fusion-builder-row-2 has-pattern-background has-mask-background nonhundred-percent-fullwidth non-hundred-percent-height-scrolling\" style=\"--awb-border-radius-top-left:0px;--awb-border-radius-top-right:0px;--awb-border-radius-bottom-right:0px;--awb-border-radius-bottom-left:0px;--awb-padding-top:26px;--awb-padding-right:;--awb-padding-bottom:0px;--awb-padding-left:0px;--awb-background-color:#efefef;--awb-flex-wrap:wrap;\" ><div class=\"fusion-builder-row fusion-row\"><div class=\"fusion-layout-column fusion_builder_column fusion-builder-column-1 fusion_builder_column_1_2 1_2 fusion-one-half fusion-column-first\" style=\"--awb-padding-top:28px;--awb-bg-size:cover;width:50%;width:calc(50% - ( ( 4% ) * 0.5 ) );margin-right: 4%;\"><div class=\"fusion-column-wrapper fusion-column-has-shadow fusion-flex-column-wrapper-legacy\"><div class=\"fusion-text fusion-text-2\"><p style=\"text-align: center;\"><span style=\"font-size: 22px; letter-spacing: 0px; line-height: 0px; color: rgb(69, 93, 88); font-family: 'Spartan Extra Bold';\" data-fusion-font=\"true\">DATUM<\/span><\/p>\n<p style=\"text-align: center;\"><span style=\"font-family: var(--awb-text-font-family); font-size: var(--awb-font-size); font-style: var(--awb-text-font-style); letter-spacing: 0px; text-align: var(--awb-content-alignment); text-transform: var(--awb-text-transform); line-height: 0px;\" data-fusion-font=\"true\"><span style=\"font-family: 'Spartan Bold';\" data-fusion-font=\"true\">26. Februar \u2013 Die Kraft der Vergebung<br \/>05. M\u00e4rz \u2013 Der Einfluss der Familie<\/span><\/span><br \/><span style=\"font-family: var(--awb-text-font-family); font-size: var(--awb-font-size); font-style: var(--awb-text-font-style); letter-spacing: 0px; text-align: var(--awb-content-alignment); text-transform: var(--awb-text-transform); line-height: 0px;\" data-fusion-font=\"true\"><span style=\"font-family: 'Spartan Bold';\" data-fusion-font=\"true\">19. M\u00e4rz \u2013 Guter Sex<\/span><\/span><br \/><span style=\"font-family: var(--awb-text-font-family); font-size: var(--awb-font-size); font-style: var(--awb-text-font-style); letter-spacing: 0px; text-align: var(--awb-content-alignment); text-transform: var(--awb-text-transform); line-height: 0px;\" data-fusion-font=\"true\"><span style=\"font-family: 'Spartan Bold';\" data-fusion-font=\"true\">26. M\u00e4rz \u2013 Liebe in Aktion<\/span><\/span><\/p>\n<p style=\"line-height: 0px; letter-spacing: 0px; text-align: center;\" data-fusion-font=\"true\">jeweils 19:00 &#8211; 21:30 Uhr<\/p>\n<\/div><div class=\"fusion-text fusion-text-3\"><p style=\"line-height: 0px; letter-spacing: 0px; text-align: center;\" data-fusion-font=\"true\"><span style=\"color: #e38f77; font-family: 'Spartan Extra Bold'; font-size: 22px; font-style: var(--awb-text-font-style); letter-spacing: 0px; text-align: var(--awb-content-alignment); text-transform: var(--h2_typography-text-transform);\"> <\/span><\/p>\n<p style=\"text-align: center;\"><span style=\"color: rgb(69, 93, 88); font-family: 'Spartan Extra Bold'; font-size: 22px; font-style: var(--awb-text-font-style); letter-spacing: 0px; text-align: var(--awb-content-alignment); text-transform: var(--h2_typography-text-transform);\">ORT<\/span><\/p>\n<p style=\"text-align: center;\">EFG Hersbruck, M\u00fchlstra\u00dfe 21<br \/>\n<span style=\"font-family: 'Spartan Regular'; font-size: var(--awb-font-size); letter-spacing: 0px; text-align: var(--awb-content-alignment); text-transform: var(--awb-text-transform); line-height: 0px;\" data-fusion-font=\"true\">im Caf\u00e9 Insel<\/span><\/p>\n<\/div><div class=\"fusion-clearfix\"><\/div><\/div><\/div><div class=\"fusion-layout-column fusion_builder_column fusion-builder-column-2 fusion_builder_column_1_2 1_2 fusion-one-half fusion-column-last\" style=\"--awb-padding-top:28px;--awb-padding-right:20px;--awb-padding-left:20px;--awb-bg-size:cover;width:50%;width:calc(50% - ( ( 4% ) * 0.5 ) );\"><div class=\"fusion-column-wrapper fusion-column-has-shadow fusion-flex-column-wrapper-legacy\"><div class=\"fusion-text fusion-text-4\"><h2 style=\"text-align: center;\"><span style=\"color: #e38f77; font-size: var(--h2_typography-font-size); font-style: var(--h2_typography-font-style,normal); letter-spacing: 0px; text-transform: var(--h2_typography-text-transform); text-align: var(--awb-content-alignment); line-height: 0px;\" data-fusion-font=\"true\"><span style=\"font-family: 'Spartan Extra Bold'; font-size: 22px; letter-spacing: normal; color: rgb(69, 93, 88);\" data-fusion-font=\"true\">KOSTEN<\/span><br \/>\n<\/span><\/h2>\n<p style=\"font-family: 'Spartan Regular'; font-size: 14px; line-height: 22px; letter-spacing: normal; color: #000000; text-align: center;\" data-fusion-font=\"true\">50 \u20ac pro Paar, inkl. 2 Ehe-Journals und Snacks an jedem Abend. Der Unkostenbeitrag ist zu \u00fcberweisen auf das Kontor der Gemeinde. Infos folgen in der Anmeldebest\u00e4tigung.<\/p>\n<p style=\"font-family: 'Spartan Regular'; font-size: 14px; line-height: 22px; letter-spacing: normal; color: #000000; text-align: center;\" data-fusion-font=\"true\">25 \u20ac pro Paar, das schon am 1. Kurs im Herbst 2025 teilgenommen hat.<\/p>\n<\/div><div class=\"fusion-text fusion-text-5\"><h2 style=\"text-align: center;\"><\/h2>\n<p style=\"font-family: 'Spartan Regular'; font-size: 14px; line-height: 22px; letter-spacing: normal; color: #000000; text-align: center;\" data-fusion-font=\"true\"><span style=\"color: rgb(69, 93, 88); font-family: 'Spartan Extra Bold'; font-size: 22px; font-style: var(--awb-text-font-style); text-align: var(--awb-content-alignment); text-transform: var(--awb-text-transform);\">AUSBLICK<\/span><\/p>\n<p style=\"text-align: center;\"><span style=\"line-height: 0px; letter-spacing: 0px;\" data-fusion-font=\"true\">Im Herbst 2026 wird es eine Fortsetzung geben mit den Themen: \u201aDie Beziehung st\u00e4rken\u2018, \u201aDie Kunst der Kommunikation\u2018, \u201aKonflikte l\u00f6sen\u2018, \u201aEine Vision f\u00fcr Ehe\u2018 \u2013 f\u00fcr Teilnehmer an den Fr\u00fchjahrsabenden kostet die Fortsetzung dann nur 25 \u20ac.<\/span><\/p>\n<\/div><div class=\"fusion-clearfix\"><\/div><\/div><\/div><\/div><\/div><div class=\"fusion-fullwidth fullwidth-box fusion-builder-row-3 fusion-flex-container nonhundred-percent-fullwidth non-hundred-percent-height-scrolling\" style=\"--awb-border-radius-top-left:0px;--awb-border-radius-top-right:0px;--awb-border-radius-bottom-right:0px;--awb-border-radius-bottom-left:0px;--awb-padding-top:0px;--awb-padding-bottom:28px;--awb-padding-left:0px;--awb-margin-bottom:0px;--awb-background-color:#efefef;--awb-flex-wrap:wrap;\" ><div class=\"fusion-builder-row fusion-row fusion-flex-align-items-flex-start fusion-flex-content-wrap\" style=\"max-width:1216.8px;margin-left: calc(-4% \/ 2 );margin-right: calc(-4% \/ 2 );\"><div class=\"fusion-layout-column fusion_builder_column fusion-builder-column-3 fusion_builder_column_1_1 1_1 fusion-flex-column\" style=\"--awb-bg-size:cover;--awb-width-large:100%;--awb-margin-top-large:0px;--awb-spacing-right-large:0%;--awb-margin-bottom-large:0px;--awb-spacing-left-large:0%;--awb-width-medium:100%;--awb-order-medium:0;--awb-spacing-right-medium:1.92%;--awb-spacing-left-medium:1.92%;--awb-width-small:100%;--awb-order-small:0;--awb-spacing-right-small:1.92%;--awb-spacing-left-small:1.92%;\"><div class=\"fusion-column-wrapper fusion-column-has-shadow fusion-flex-justify-content-flex-start fusion-content-layout-column\"><div class=\"fusion-title title fusion-title-1 fusion-sep-none fusion-title-center fusion-title-text fusion-title-size-one\" style=\"--awb-margin-bottom:-28px;--awb-margin-top-small:0px;--awb-margin-right-small:0px;--awb-margin-bottom-small:-30px;--awb-margin-left-small:0px;\"><h1 class=\"fusion-title-heading title-heading-center\" style=\"margin:0;\"><p style=\"text-align: center;\">Leitung<\/p><\/h1><\/div><div class=\"fusion-image-element awb-imageframe-style awb-imageframe-style-below awb-imageframe-style-3\" style=\"text-align:center;--awb-aspect-ratio:2 \/ 3;--awb-object-position:72% 34%;--awb-mask-url: url(https:\/\/efg-hersbruck.de\/wordpress\/wp-content\/plugins\/fusion-builder\/\/assets\/images\/masks\/mask-10.svg);--awb-caption-title-color:#455d58;--awb-caption-margin-top:-40px;--awb-caption-title-font-family:var(--h2_typography-font-family);--awb-caption-title-font-weight:var(--h2_typography-font-weight);--awb-caption-title-font-style:var(--h2_typography-font-style);--awb-caption-title-size:var(--h2_typography-font-size);--awb-caption-title-transform:var(--h2_typography-text-transform);--awb-caption-title-line-height:var(--h2_typography-line-height);--awb-caption-title-letter-spacing:var(--h2_typography-letter-spacing);\"><div style=\"display:inline-block;width:200px;\"><div class=\"awb-image-frame awb-image-frame-3 imageframe-liftup hover-with-mask\"><span class=\" fusion-imageframe imageframe-none imageframe-3 has-mask has-aspect-ratio\"><img decoding=\"async\" width=\"1634\" height=\"2048\" title=\"FOTO-Anni-und-Alex-1634&#215;2048\" src=\"https:\/\/efg-hersbruck.de\/wordpress\/wp-content\/uploads\/2025\/06\/FOTO-Anni-und-Alex-1634x2048-1.jpg\" data-orig-src=\"https:\/\/efg-hersbruck.de\/wordpress\/wp-content\/uploads\/2025\/06\/FOTO-Anni-und-Alex-1634x2048-1.jpg\" class=\"lazyload img-responsive wp-image-10901 img-with-aspect-ratio\" data-parent-fit=\"cover\" data-parent-container=\".fusion-image-element\" alt srcset=\"data:image\/svg+xml,%3Csvg%20xmlns%3D%27http%3A%2F%2Fwww.w3.org%2F2000%2Fsvg%27%20width%3D%271634%27%20height%3D%272048%27%20viewBox%3D%270%200%201634%202048%27%3E%3Crect%20width%3D%271634%27%20height%3D%272048%27%20fill-opacity%3D%220%22%2F%3E%3C%2Fsvg%3E\" data-srcset=\"https:\/\/efg-hersbruck.de\/wordpress\/wp-content\/uploads\/2025\/06\/FOTO-Anni-und-Alex-1634x2048-1-200x251.jpg 200w, https:\/\/efg-hersbruck.de\/wordpress\/wp-content\/uploads\/2025\/06\/FOTO-Anni-und-Alex-1634x2048-1-400x501.jpg 400w, https:\/\/efg-hersbruck.de\/wordpress\/wp-content\/uploads\/2025\/06\/FOTO-Anni-und-Alex-1634x2048-1-600x752.jpg 600w, https:\/\/efg-hersbruck.de\/wordpress\/wp-content\/uploads\/2025\/06\/FOTO-Anni-und-Alex-1634x2048-1-800x1003.jpg 800w, https:\/\/efg-hersbruck.de\/wordpress\/wp-content\/uploads\/2025\/06\/FOTO-Anni-und-Alex-1634x2048-1-1200x1504.jpg 1200w, https:\/\/efg-hersbruck.de\/wordpress\/wp-content\/uploads\/2025\/06\/FOTO-Anni-und-Alex-1634x2048-1.jpg 1634w\" data-sizes=\"auto\" data-orig-sizes=\"(max-width: 1024px) 100vw, (max-width: 640px) 100vw, 1200px\" \/><\/span><\/div><div class=\"awb-imageframe-caption-container\"><div class=\"awb-imageframe-caption\"><h2 class=\"awb-imageframe-caption-title\">Alex &amp; Anni Redlich<\/h2><p class=\"awb-imageframe-caption-text\">Mitglieder unserer Gemeinde und Mitarbeiter bei Team-F<\/p><\/div><\/div><\/div><\/div><\/div><\/div><\/div><\/div><div class=\"fusion-fullwidth fullwidth-box fusion-builder-row-4 fusion-flex-container nonhundred-percent-fullwidth non-hundred-percent-height-scrolling\" style=\"--awb-border-radius-top-left:0px;--awb-border-radius-top-right:0px;--awb-border-radius-bottom-right:0px;--awb-border-radius-bottom-left:0px;--awb-padding-top:25px;--awb-padding-right:25px;--awb-padding-bottom:25px;--awb-padding-left:25px;--awb-flex-wrap:wrap;\" ><div class=\"fusion-builder-row fusion-row fusion-flex-align-items-flex-start fusion-flex-content-wrap\" style=\"max-width:1216.8px;margin-left: calc(-4% \/ 2 );margin-right: calc(-4% \/ 2 );\"><div class=\"fusion-layout-column fusion_builder_column fusion-builder-column-4 fusion_builder_column_1_1 1_1 fusion-flex-column\" style=\"--awb-bg-size:cover;--awb-width-large:100%;--awb-margin-top-large:0px;--awb-spacing-right-large:1.92%;--awb-margin-bottom-large:0px;--awb-spacing-left-large:1.92%;--awb-width-medium:100%;--awb-order-medium:0;--awb-spacing-right-medium:1.92%;--awb-spacing-left-medium:1.92%;--awb-width-small:100%;--awb-order-small:0;--awb-spacing-right-small:1.92%;--awb-spacing-left-small:1.92%;\"><div class=\"fusion-column-wrapper fusion-column-has-shadow fusion-flex-justify-content-flex-start fusion-content-layout-column\"><div class=\"fusion-title title fusion-title-2 fusion-sep-none fusion-title-text fusion-title-size-one\" style=\"--awb-margin-top-small:0px;--awb-margin-right-small:0px;--awb-margin-bottom-small:20px;--awb-margin-left-small:0px;\"><h1 class=\"fusion-title-heading title-heading-left\" style=\"margin:0;\">Anmeldung<\/h1><\/div>\n<div class=\"wpcf7 no-js\" id=\"wpcf7-f10902-o1\" lang=\"de-DE\" dir=\"ltr\" data-wpcf7-id=\"10902\">\n<div class=\"screen-reader-response\"><p role=\"status\" aria-live=\"polite\" aria-atomic=\"true\"><\/p> <ul><\/ul><\/div>\n<form action=\"\/wordpress\/wp-json\/wp\/v2\/pages\/10570#wpcf7-f10902-o1\" method=\"post\" class=\"wpcf7-form init\" aria-label=\"Kontaktformular\" novalidate=\"novalidate\" data-status=\"init\">\n<fieldset class=\"hidden-fields-container\"><input type=\"hidden\" name=\"_wpcf7\" value=\"10902\" \/><input type=\"hidden\" name=\"_wpcf7_version\" value=\"6.1.5\" \/><input type=\"hidden\" name=\"_wpcf7_locale\" value=\"de_DE\" \/><input type=\"hidden\" name=\"_wpcf7_unit_tag\" value=\"wpcf7-f10902-o1\" \/><input type=\"hidden\" name=\"_wpcf7_container_post\" value=\"0\" \/><input type=\"hidden\" name=\"_wpcf7_posted_data_hash\" value=\"\" \/><input type=\"hidden\" name=\"_wpcf7_recaptcha_response\" value=\"\" \/>\n<\/fieldset>\n<p><label> Nachname<br \/>\n<span class=\"wpcf7-form-control-wrap\" data-name=\"your-name\"><input size=\"40\" maxlength=\"400\" class=\"wpcf7-form-control wpcf7-text wpcf7-validates-as-required\" aria-required=\"true\" aria-invalid=\"false\" value=\"\" type=\"text\" name=\"your-name\" \/><\/span> <\/label>\n<\/p>\n<p><label> Vorname Mann<br \/>\n<span class=\"wpcf7-form-control-wrap\" data-name=\"your-vorname-mann\"><input size=\"40\" maxlength=\"400\" class=\"wpcf7-form-control wpcf7-text wpcf7-validates-as-required\" aria-required=\"true\" aria-invalid=\"false\" value=\"\" type=\"text\" name=\"your-vorname-mann\" \/><\/span> <\/label>\n<\/p>\n<p><label> Vorname Frau<br \/>\n<span class=\"wpcf7-form-control-wrap\" data-name=\"your-vorname-frau\"><input size=\"40\" maxlength=\"400\" class=\"wpcf7-form-control wpcf7-text wpcf7-validates-as-required\" aria-required=\"true\" aria-invalid=\"false\" value=\"\" type=\"text\" name=\"your-vorname-frau\" \/><\/span> <\/label>\n<\/p>\n<p><label> Eure E-Mail-Adresse<br \/>\n<span class=\"wpcf7-form-control-wrap\" data-name=\"your-email\"><input size=\"40\" maxlength=\"400\" class=\"wpcf7-form-control wpcf7-email wpcf7-validates-as-required wpcf7-text wpcf7-validates-as-email\" aria-required=\"true\" aria-invalid=\"false\" value=\"\" type=\"email\" name=\"your-email\" \/><\/span> <\/label>\n<\/p>\n<p><span class=\"wpcf7-form-control-wrap\" data-name=\"quiz-920\"><label><span class=\"wpcf7-quiz-label\">Bitte ausf\u00fcllen: 4+4 ist?<\/span> <input size=\"40\" class=\"wpcf7-form-control wpcf7-quiz\" autocomplete=\"off\" aria-required=\"true\" aria-invalid=\"false\" type=\"text\" name=\"quiz-920\" \/><\/label><input type=\"hidden\" name=\"_wpcf7_quiz_answer_quiz-920\" value=\"fed30e789545b948560d66e75d3bcd2a\" \/><\/span>\n<\/p>\n<p>Hiermit melden wir uns zu den \"Zeit zu zweit Abende\" an und begleiche die Kosten von 50 \u20ac bzw. 25 \u20ac, falls es unser zweite Teilnahme ist (Infos dazu in der Anmeldebest\u00e4tigung). Zur Verarbeitung meiner Daten stimme ich der <a href=\"https:\/\/efg-hersbruck.de\/wordpress\/impressum\/\">Datenschutzerkl\u00e4rung<\/a> zu.\n<\/p>\n<p><input class=\"wpcf7-form-control wpcf7-submit has-spinner\" type=\"submit\" value=\"Anmelden.\" \/>\n<\/p><div class=\"fusion-alert alert custom alert-custom fusion-alert-center wpcf7-response-output fusion-alert-capitalize awb-alert-native-link-color alert-dismissable awb-alert-close-boxed\" style=\"--awb-border-size:1px;--awb-border-top-left-radius:0px;--awb-border-top-right-radius:0px;--awb-border-bottom-left-radius:0px;--awb-border-bottom-right-radius:0px;\" role=\"alert\"><div class=\"fusion-alert-content-wrapper\"><span class=\"fusion-alert-content\"><\/span><\/div><button type=\"button\" class=\"close toggle-alert\" data-dismiss=\"alert\" aria-label=\"Close\">&times;<\/button><\/div>\n<\/form>\n<\/div>\n<\/div><\/div><\/div><\/div><\/p>\n","protected":false},"excerpt":{"rendered":"","protected":false},"author":2,"featured_media":0,"parent":0,"menu_order":0,"comment_status":"closed","ping_status":"closed","template":"","meta":{"footnotes":""},"class_list":["post-10570","page","type-page","status-publish","hentry"],"_links":{"self":[{"href":"https:\/\/efg-hersbruck.de\/wordpress\/wp-json\/wp\/v2\/pages\/10570","targetHints":{"allow":["GET"]}}],"collection":[{"href":"https:\/\/efg-hersbruck.de\/wordpress\/wp-json\/wp\/v2\/pages"}],"about":[{"href":"https:\/\/efg-hersbruck.de\/wordpress\/wp-json\/wp\/v2\/types\/page"}],"author":[{"embeddable":true,"href":"https:\/\/efg-hersbruck.de\/wordpress\/wp-json\/wp\/v2\/users\/2"}],"replies":[{"embeddable":true,"href":"https:\/\/efg-hersbruck.de\/wordpress\/wp-json\/wp\/v2\/comments?post=10570"}],"version-history":[{"count":31,"href":"https:\/\/efg-hersbruck.de\/wordpress\/wp-json\/wp\/v2\/pages\/10570\/revisions"}],"predecessor-version":[{"id":11123,"href":"https:\/\/efg-hersbruck.de\/wordpress\/wp-json\/wp\/v2\/pages\/10570\/revisions\/11123"}],"wp:attachment":[{"href":"https:\/\/efg-hersbruck.de\/wordpress\/wp-json\/wp\/v2\/media?parent=10570"}],"curies":[{"name":"wp","href":"https:\/\/api.w.org\/{rel}","templated":true}]}}