{"id":1024,"date":"2015-09-24T18:39:13","date_gmt":"2015-09-24T18:39:13","guid":{"rendered":"https:\/\/avada.theme-fusion.com\/church\/?page_id=1024"},"modified":"2025-07-15T11:23:38","modified_gmt":"2025-07-15T09:23:38","slug":"gottesdienst","status":"publish","type":"page","link":"https:\/\/efg-hersbruck.de\/wordpress\/gottesdienst\/","title":{"rendered":"Gottesdienst"},"content":{"rendered":"<p><div id=\"gottedienst\" class=\"fusion-container-anchor\"><div class=\"fusion-fullwidth fullwidth-box fusion-builder-row-1 nonhundred-percent-fullwidth non-hundred-percent-height-scrolling\" style=\"--awb-border-radius-top-left:0px;--awb-border-radius-top-right:0px;--awb-border-radius-bottom-right:0px;--awb-border-radius-bottom-left:0px;--awb-margin-top:100px;--awb-flex-wrap:wrap;\" ><div class=\"fusion-builder-row fusion-row\"><div class=\"fusion-layout-column fusion_builder_column fusion-builder-column-0 fusion_builder_column_1_1 1_1 fusion-one-full fusion-column-first fusion-column-last\" style=\"--awb-bg-blend:overlay;--awb-bg-size:cover;\"><div class=\"fusion-column-wrapper fusion-flex-column-wrapper-legacy\"><div class=\"fusion-text fusion-text-1\"><h4 style=\"text-align: center;\">Sonntags kommt die ganze Gemeinde zum Gottesdienst zusammen &#8211; Jugendliche und Senioren, Singles und Familien.<br \/>\nEinige kommen seit ein paar Monaten, andere schon seit Jahren.<br \/>\nDie Begegnungen sind authentisch, die Botschaft praktisch.<br \/>\nDer Gottesdienst ist sehr bunt mit Lobpreis, Lebenszeugnissen und einer lebensnahen Predigt.<br \/>\nGemeinsam wollen wir Gott erleben und dadurch ein Leben mit Hoffnung gestalten.<\/h4>\n<\/div><div class=\"fusion-clearfix\"><\/div><\/div><\/div><\/div><\/div><\/div><div id=\"faq\" class=\"fusion-container-anchor\"><div class=\"fusion-fullwidth fullwidth-box fusion-builder-row-2 nonhundred-percent-fullwidth non-hundred-percent-height-scrolling\" style=\"--awb-background-position:left top;--awb-border-sizes-top:0px;--awb-border-sizes-bottom:0px;--awb-border-sizes-left:0px;--awb-border-sizes-right:0px;--awb-border-radius-top-left:0px;--awb-border-radius-top-right:0px;--awb-border-radius-bottom-right:0px;--awb-border-radius-bottom-left:0px;--awb-flex-wrap:wrap;\" ><div class=\"fusion-builder-row fusion-row\"><div class=\"fusion-layout-column fusion_builder_column fusion-builder-column-1 fusion_builder_column_1_1 1_1 fusion-one-full fusion-column-first fusion-column-last fusion-column-no-min-height\" style=\"--awb-bg-blend:overlay;--awb-bg-size:cover;\"><div class=\"fusion-column-wrapper fusion-flex-column-wrapper-legacy\"><div class=\"fusion-sep-clear\"><\/div><div class=\"fusion-separator fusion-full-width-sep\" style=\"margin-left: auto;margin-right: auto;margin-top:20px;margin-bottom:100px;width:100%;\"><div class=\"fusion-separator-border sep-single sep-solid\" style=\"--awb-height:20px;--awb-amount:20px;--awb-sep-color:#afbb00;border-color:#afbb00;border-top-width:30px;\"><\/div><\/div><div class=\"fusion-sep-clear\"><\/div><div class=\"fusion-text fusion-text-2\"><h1 style=\"text-align: center;\">\u00dcber den Gottesdienst<\/h1>\n<\/div><div class=\"fusion-text fusion-text-3\"><\/div><style type=\"text\/css\">#accordian-1 .fusion-panel:hover,#accordian-1 .fusion-panel.hover{ background-color: #f9f9f9 } #accordian-1 .fusion-panel { border-color:#cccccc; border-width:1px; background-color:#ffffff; }.fusion-accordian #accordian-1 .panel-title a .fa-fusion-box:before{ font-size: 13px;width: 13px;}.fusion-accordian #accordian-1 .panel-title a .fa-fusion-box{ color: #ffffff;}.fusion-accordian  #accordian-1 .panel-title a{line-height:1.5;font-family:\"Spartan Bold\";font-style:normal;font-weight:400;}.fusion-accordian  #accordian-1 .panel-title a:not(:hover){}.fusion-accordian  #accordian-1 .toggle-content{line-height:1.5;font-family:\"Spartan Regular\";font-style:normal;font-weight:400;}.fusion-accordian #accordian-1 .fa-fusion-box { background-color: #333333 !important;border-color: #333333 !important;}.fusion-accordian #accordian-1 .panel-title a:hover,.fusion-accordian #accordian-1 .panel-title a.hover { color: #aebc15;}.fusion-faq-shortcode .fusion-accordian #accordian-1 .fusion-toggle-boxed-mode:hover .panel-title a { color: #aebc15;}.fusion-accordian #accordian-1 .panel-title .active .fa-fusion-box,.fusion-accordian #accordian-1 .panel-title a:hover .fa-fusion-box,.fusion-accordian #accordian-1 .panel-title a.hover .fa-fusion-box { background-color: #aebc15!important;border-color: #aebc15!important;}.fusion-faqs-wrapper .fusion-accordian  #accordian-1 .fusion-panel {padding-top: 2.5em;padding-bottom: 2.5em;}<\/style><div class=\"fusion-faq-shortcode\" style=\"\"><div class=\"fusion-faqs-wrapper\"><div class=\"accordian fusion-accordian\"><div class=\"panel-group \" id=\"accordian-1\"><div class=\"fusion-panel fusion-toggle-no-divider fusion-toggle-boxed-mode panel-default fusion-faq-post fusion-faq-post-1426 \"><span class=\"entry-title rich-snippet-hidden\">Was erwartet mich in einem Gottesdienst?<\/span><span class=\"vcard rich-snippet-hidden\"><span class=\"fn\"><a href=\"https:\/\/efg-hersbruck.de\/wordpress\/author\/dapf\/\" title=\"Beitr\u00e4ge von Daniel Pfeifer\" rel=\"author\">Daniel Pfeifer<\/a><\/span><\/span><span class=\"updated rich-snippet-hidden\">2019-02-07T21:05:58+01:00<\/span><div class=\"panel-heading\"><div id=\"faq_1-1426\" class=\"panel-title toggle\"><a data-toggle=\"collapse\" class=\"collapsed\" data-parent=\"#accordian-1\" data-target=\"#collapse-1-1426\" href=\"#collapse-1-1426\" aria-expanded=\"false\"><div class=\"fusion-toggle-icon-wrapper\"><div class=\"fusion-toggle-icon-wrapper-main\"><div class=\"fusion-toggle-icon-wrapper-sub\"><i class=\"fa-fusion-box active-icon fa-angle-double-right fas\" aria-hidden=\"true\"><\/i><i class=\"fa-fusion-box inactive-icon fa-angle-right fas\" aria-hidden=\"true\"><\/i><\/div><\/div><\/div><div class=\"fusion-toggle-heading\">Was erwartet mich in einem Gottesdienst?<\/div><\/a><\/div><\/div><div id=\"collapse-1-1426\" aria-labelledby=\"faq_1-1426\" class=\"panel-collapse collapse\"><div class=\"panel-body toggle-content post-content\"><h4>Der Sonntagsgottesdienst dauert ca. 90 Minuten und z\u00e4hlt etwa 70-100 Besucher.\u00a0Er beginnt meistens mit Lebenszeugnissen oder einem kurzen Impuls zu aktuellen Geschehnissen.\u00a0Anschlie\u00dfend erwartet Dich\u00a0zeitgem\u00e4\u00dfe Musik, die Gott anbetet, und eine relevante Botschaft durch die Predigt.\u00a0Danach bist Du herzlich ins Caf\u00e9 Insel zu einem Mittagessen, Cappuccino oder einfach nur zu einem Gespr\u00e4ch eingeladen.<\/h4>\n<\/div><\/div><\/div><div class=\"fusion-panel fusion-toggle-no-divider fusion-toggle-boxed-mode panel-default fusion-faq-post fusion-faq-post-1424 \"><span class=\"entry-title rich-snippet-hidden\">Gibt es ein extra Programm f\u00fcr Kinder?<\/span><span class=\"vcard rich-snippet-hidden\"><span class=\"fn\"><a href=\"https:\/\/efg-hersbruck.de\/wordpress\/author\/dapf\/\" title=\"Beitr\u00e4ge von Daniel Pfeifer\" rel=\"author\">Daniel Pfeifer<\/a><\/span><\/span><span class=\"updated rich-snippet-hidden\">2019-02-07T21:06:34+01:00<\/span><div class=\"panel-heading\"><div id=\"faq_1-1424\" class=\"panel-title toggle\"><a data-toggle=\"collapse\" class=\"collapsed\" data-parent=\"#accordian-1\" data-target=\"#collapse-1-1424\" href=\"#collapse-1-1424\" aria-expanded=\"false\"><div class=\"fusion-toggle-icon-wrapper\"><div class=\"fusion-toggle-icon-wrapper-main\"><div class=\"fusion-toggle-icon-wrapper-sub\"><i class=\"fa-fusion-box active-icon fa-angle-double-right fas\" aria-hidden=\"true\"><\/i><i class=\"fa-fusion-box inactive-icon fa-angle-right fas\" aria-hidden=\"true\"><\/i><\/div><\/div><\/div><div class=\"fusion-toggle-heading\">Gibt es ein extra Programm f\u00fcr Kinder?<\/div><\/a><\/div><\/div><div id=\"collapse-1-1424\" aria-labelledby=\"faq_1-1424\" class=\"panel-collapse collapse\"><div class=\"panel-body toggle-content post-content\"><h4>F\u00fcr Kinder (3-12 Jahre) wird ein buntes und fr\u00f6hliches Programm im KidzClub von unseren kompetenten und geschulten Mitarbeitern angeboten.\u00a0Die\u00a0Kinder sind herzlich willkommen in unserer Kindergruppe zusammen mit den anderen Kindern zu spielen, singen, basteln und von Gott zu h\u00f6ren.\u00a0Allerdings kann man auch gern zusammen mit den\u00a0Kindern den Gottesdienst erleben.<\/h4>\n<\/div><\/div><\/div><div class=\"fusion-panel fusion-toggle-no-divider fusion-toggle-boxed-mode panel-default fusion-faq-post fusion-faq-post-1422 \"><span class=\"entry-title rich-snippet-hidden\">Wie finde ich Anschluss?<\/span><span class=\"vcard rich-snippet-hidden\"><span class=\"fn\"><a href=\"https:\/\/efg-hersbruck.de\/wordpress\/author\/dapf\/\" title=\"Beitr\u00e4ge von Daniel Pfeifer\" rel=\"author\">Daniel Pfeifer<\/a><\/span><\/span><span class=\"updated rich-snippet-hidden\">2019-02-07T21:07:21+01:00<\/span><div class=\"panel-heading\"><div id=\"faq_1-1422\" class=\"panel-title toggle\"><a data-toggle=\"collapse\" class=\"collapsed\" data-parent=\"#accordian-1\" data-target=\"#collapse-1-1422\" href=\"#collapse-1-1422\" aria-expanded=\"false\"><div class=\"fusion-toggle-icon-wrapper\"><div class=\"fusion-toggle-icon-wrapper-main\"><div class=\"fusion-toggle-icon-wrapper-sub\"><i class=\"fa-fusion-box active-icon fa-angle-double-right fas\" aria-hidden=\"true\"><\/i><i class=\"fa-fusion-box inactive-icon fa-angle-right fas\" aria-hidden=\"true\"><\/i><\/div><\/div><\/div><div class=\"fusion-toggle-heading\">Wie finde ich Anschluss?<\/div><\/a><\/div><\/div><div id=\"collapse-1-1422\" aria-labelledby=\"faq_1-1422\" class=\"panel-collapse collapse\"><div class=\"panel-body toggle-content post-content\"><h4>Am Eingang hei\u00dfen wir Dich\u00a0herzlich Willkommen.\u00a0F\u00fchle Dich\u00a0frei zu sagen: \u201eIch bin zum ersten Mal hier.\u201c<br \/>\nGerne w\u00fcrden wir Dich\u00a0dann mit einer kleinen Willkommens-T\u00fcte beschenken und Dir\u00a0bei Fragen vor und nach dem Gottesdienst zur Seite stehen.\u00a0Au\u00dferdem bieten wir regelm\u00e4\u00dfig\u00a0Welcome-Abende mit allen wichtigen Informationen\u00a0zur Gemeinde an.<\/h4>\n<\/div><\/div><\/div><div class=\"fusion-panel fusion-toggle-no-divider fusion-toggle-boxed-mode panel-default fusion-faq-post fusion-faq-post-1420 \"><span class=\"entry-title rich-snippet-hidden\">Wo kann ich parken?<\/span><span class=\"vcard rich-snippet-hidden\"><span class=\"fn\"><a href=\"https:\/\/efg-hersbruck.de\/wordpress\/author\/dapf\/\" title=\"Beitr\u00e4ge von Daniel Pfeifer\" rel=\"author\">Daniel Pfeifer<\/a><\/span><\/span><span class=\"updated rich-snippet-hidden\">2019-02-12T19:46:26+01:00<\/span><div class=\"panel-heading\"><div id=\"faq_1-1420\" class=\"panel-title toggle\"><a data-toggle=\"collapse\" class=\"collapsed\" data-parent=\"#accordian-1\" data-target=\"#collapse-1-1420\" href=\"#collapse-1-1420\" aria-expanded=\"false\"><div class=\"fusion-toggle-icon-wrapper\"><div class=\"fusion-toggle-icon-wrapper-main\"><div class=\"fusion-toggle-icon-wrapper-sub\"><i class=\"fa-fusion-box active-icon fa-angle-double-right fas\" aria-hidden=\"true\"><\/i><i class=\"fa-fusion-box inactive-icon fa-angle-right fas\" aria-hidden=\"true\"><\/i><\/div><\/div><\/div><div class=\"fusion-toggle-heading\">Wo kann ich parken?<\/div><\/a><\/div><\/div><div id=\"collapse-1-1420\" aria-labelledby=\"faq_1-1420\" class=\"panel-collapse collapse\"><div class=\"panel-body toggle-content post-content\"><h4>Du kannst\u00a0direkt am Psorisol-Parkplatz (2 Gehminuten) oder am Pl\u00e4rrer-Parkplatz (4 Gehminuten) parken.\u00a0Bei einer Gehbehinderung oder sonstigen Einschr\u00e4nkungen, f\u00fchle\u00a0Dich\u00a0frei den begrenzten Parkplatz am Gemeindehaus zu nehmen.<\/h4>\n<\/div><\/div><\/div><div class=\"fusion-panel fusion-toggle-no-divider fusion-toggle-boxed-mode panel-default fusion-faq-post fusion-faq-post-1418 \"><span class=\"entry-title rich-snippet-hidden\">Kann ich f\u00fcr mich beten lassen?<\/span><span class=\"vcard rich-snippet-hidden\"><span class=\"fn\"><a href=\"https:\/\/efg-hersbruck.de\/wordpress\/author\/dapf\/\" title=\"Beitr\u00e4ge von Daniel Pfeifer\" rel=\"author\">Daniel Pfeifer<\/a><\/span><\/span><span class=\"updated rich-snippet-hidden\">2019-02-07T21:08:39+01:00<\/span><div class=\"panel-heading\"><div id=\"faq_1-1418\" class=\"panel-title toggle\"><a data-toggle=\"collapse\" class=\"collapsed\" data-parent=\"#accordian-1\" data-target=\"#collapse-1-1418\" href=\"#collapse-1-1418\" aria-expanded=\"false\"><div class=\"fusion-toggle-icon-wrapper\"><div class=\"fusion-toggle-icon-wrapper-main\"><div class=\"fusion-toggle-icon-wrapper-sub\"><i class=\"fa-fusion-box active-icon fa-angle-double-right fas\" aria-hidden=\"true\"><\/i><i class=\"fa-fusion-box inactive-icon fa-angle-right fas\" aria-hidden=\"true\"><\/i><\/div><\/div><\/div><div class=\"fusion-toggle-heading\">Kann ich f\u00fcr mich beten lassen?<\/div><\/a><\/div><\/div><div id=\"collapse-1-1418\" aria-labelledby=\"faq_1-1418\" class=\"panel-collapse collapse\"><div class=\"panel-body toggle-content post-content\"><h4>Habe\u00a0den\u00a0Mut und nimm gerne das Angebot des Segnungsteams nach dem Gottesdienst wahr.\u00a0Im Gottesdienst wirst Du hierzu hinreichend informiert.<\/h4>\n<\/div><\/div><\/div><div class=\"fusion-panel fusion-toggle-no-divider fusion-toggle-boxed-mode panel-default fusion-faq-post fusion-faq-post-1416 \"><span class=\"entry-title rich-snippet-hidden\">Werde ich w\u00e4hrend des Gottesdienstbesuches nach Geld gefragt?<\/span><span class=\"vcard rich-snippet-hidden\"><span class=\"fn\"><a href=\"https:\/\/efg-hersbruck.de\/wordpress\/author\/dapf\/\" title=\"Beitr\u00e4ge von Daniel Pfeifer\" rel=\"author\">Daniel Pfeifer<\/a><\/span><\/span><span class=\"updated rich-snippet-hidden\">2019-02-12T19:50:52+01:00<\/span><div class=\"panel-heading\"><div id=\"faq_1-1416\" class=\"panel-title toggle\"><a data-toggle=\"collapse\" class=\"collapsed\" data-parent=\"#accordian-1\" data-target=\"#collapse-1-1416\" href=\"#collapse-1-1416\" aria-expanded=\"false\"><div class=\"fusion-toggle-icon-wrapper\"><div class=\"fusion-toggle-icon-wrapper-main\"><div class=\"fusion-toggle-icon-wrapper-sub\"><i class=\"fa-fusion-box active-icon fa-angle-double-right fas\" aria-hidden=\"true\"><\/i><i class=\"fa-fusion-box inactive-icon fa-angle-right fas\" aria-hidden=\"true\"><\/i><\/div><\/div><\/div><div class=\"fusion-toggle-heading\">Werde ich w\u00e4hrend des Gottesdienstbesuches nach Geld gefragt?<\/div><\/a><\/div><\/div><div id=\"collapse-1-1416\" aria-labelledby=\"faq_1-1416\" class=\"panel-collapse collapse\"><div class=\"panel-body toggle-content post-content\"><h4>Jeder ist willkommen, am Gottesdienst ganz frei und kostenlos teilzunehmen!\u00a0Zum\u00a0Ende des Gottesdienstes gibt es\u00a0die M\u00f6glichkeit, <em>freiwillig<\/em> f\u00fcr Belange der Gemeinde zu geben.<\/h4>\n<\/div><\/div><\/div><div class=\"fusion-panel fusion-toggle-no-divider fusion-toggle-boxed-mode panel-default fusion-faq-post fusion-faq-post-1414 \"><span class=\"entry-title rich-snippet-hidden\">Was ziehe ich bei einem Gottesdienstbesuch an?<\/span><span class=\"vcard rich-snippet-hidden\"><span class=\"fn\"><a href=\"https:\/\/efg-hersbruck.de\/wordpress\/author\/dapf\/\" title=\"Beitr\u00e4ge von Daniel Pfeifer\" rel=\"author\">Daniel Pfeifer<\/a><\/span><\/span><span class=\"updated rich-snippet-hidden\">2019-02-07T21:09:43+01:00<\/span><div class=\"panel-heading\"><div id=\"faq_1-1414\" class=\"panel-title toggle\"><a data-toggle=\"collapse\" class=\"collapsed\" data-parent=\"#accordian-1\" data-target=\"#collapse-1-1414\" href=\"#collapse-1-1414\" aria-expanded=\"false\"><div class=\"fusion-toggle-icon-wrapper\"><div class=\"fusion-toggle-icon-wrapper-main\"><div class=\"fusion-toggle-icon-wrapper-sub\"><i class=\"fa-fusion-box active-icon fa-angle-double-right fas\" aria-hidden=\"true\"><\/i><i class=\"fa-fusion-box inactive-icon fa-angle-right fas\" aria-hidden=\"true\"><\/i><\/div><\/div><\/div><div class=\"fusion-toggle-heading\">Was ziehe ich bei einem Gottesdienstbesuch an?<\/div><\/a><\/div><\/div><div id=\"collapse-1-1414\" aria-labelledby=\"faq_1-1414\" class=\"panel-collapse collapse\"><div class=\"panel-body toggle-content post-content\"><h4>Im Gottesdienst wirst Du Menschen in unterschiedlichsten Outfits begegnen: von Freizeitkleidung bis zum Sonntagsanzug.\u00a0Komme in einem Outfit, in dem Du\u00a0Dich wohl f\u00fchlst und es f\u00fcr angemessen betrachtest. Hier geht es nicht darum wie jemand aussieht.<\/h4>\n<\/div><\/div><\/div><\/div><\/div><\/div><\/div><div class=\"fusion-clearfix\"><\/div><\/div><\/div><\/div><\/div><\/div><div id=\"kigo\" class=\"fusion-container-anchor\"><div class=\"fusion-fullwidth fullwidth-box fusion-builder-row-3 nonhundred-percent-fullwidth non-hundred-percent-height-scrolling\" style=\"--awb-border-radius-top-left:0px;--awb-border-radius-top-right:0px;--awb-border-radius-bottom-right:0px;--awb-border-radius-bottom-left:0px;--awb-flex-wrap:wrap;\" ><div class=\"fusion-builder-row fusion-row\"><div class=\"fusion-layout-column fusion_builder_column fusion-builder-column-2 fusion_builder_column_1_1 1_1 fusion-one-full fusion-column-first fusion-column-last\" style=\"--awb-bg-blend:overlay;--awb-bg-size:cover;\"><div class=\"fusion-column-wrapper fusion-flex-column-wrapper-legacy\"><div class=\"fusion-sep-clear\"><\/div><div class=\"fusion-separator fusion-full-width-sep\" style=\"margin-left: auto;margin-right: auto;margin-top:100px;margin-bottom:100px;width:100%;\"><div class=\"fusion-separator-border sep-single sep-solid\" style=\"--awb-height:20px;--awb-amount:20px;--awb-sep-color:#afbb00;border-color:#afbb00;border-top-width:30px;\"><\/div><\/div><div class=\"fusion-sep-clear\"><\/div><div class=\"fusion-text fusion-text-4\"><h1 style=\"text-align: center;\">KidzClub<\/h1>\n<h4 style=\"text-align: center;\">An jedem Sonntag (au\u00dfer in den Sommerferien) erwartet Kinder von 3-12 Jahren ein buntes und fr\u00f6hliches Programm, vorbereitet von unseren kompetenten und geschulten Mitarbeitern. Die Kinder werden gemeinsam spielen, singen, basteln und von Gott h\u00f6ren.<\/h4>\n<\/div><div class=\"fusion-clearfix\"><\/div><\/div><\/div><\/div><\/div><\/div><div id=\"familien\" class=\"fusion-container-anchor\"><div class=\"fusion-fullwidth fullwidth-box fusion-builder-row-4 nonhundred-percent-fullwidth non-hundred-percent-height-scrolling\" style=\"--awb-border-radius-top-left:0px;--awb-border-radius-top-right:0px;--awb-border-radius-bottom-right:0px;--awb-border-radius-bottom-left:0px;--awb-flex-wrap:wrap;\" ><div class=\"fusion-builder-row fusion-row\"><div class=\"fusion-layout-column fusion_builder_column fusion-builder-column-3 fusion_builder_column_1_1 1_1 fusion-one-full fusion-column-first fusion-column-last\" style=\"--awb-bg-blend:overlay;--awb-bg-size:cover;--awb-margin-bottom:100px;\"><div class=\"fusion-column-wrapper fusion-flex-column-wrapper-legacy\"><div class=\"fusion-sep-clear\"><\/div><div class=\"fusion-separator fusion-full-width-sep\" style=\"margin-left: auto;margin-right: auto;margin-top:100px;margin-bottom:100px;width:100%;\"><div class=\"fusion-separator-border sep-single sep-solid\" style=\"--awb-height:20px;--awb-amount:20px;--awb-sep-color:#afbb00;border-color:#afbb00;border-top-width:30px;\"><\/div><\/div><div class=\"fusion-sep-clear\"><\/div><div class=\"fusion-text fusion-text-5\"><h1 style=\"text-align: center;\">Familien<\/h1>\n<h4 style=\"text-align: center;\">F\u00fcr die kleinsten Gottesdienstbesucher steht nat\u00fcrlich ein Eltern-Kind-Raum zur Verf\u00fcgung.<br \/>\nHier kann der Gottesdienst und sonstige Veranstaltungen via Glaswand und Lautsprecher mitverfolgt werden.<br \/>\nDer Raum ist mit allem N\u00f6tigen ausgestattet (Wickelkommode, Spielsachen, Couch,&#8230;) und befindet sich im obersten Stockwerk.<\/h4>\n<\/div><div class=\"fusion-clearfix\"><\/div><\/div><\/div><\/div><\/div><\/div><\/p>\n","protected":false},"excerpt":{"rendered":"","protected":false},"author":2,"featured_media":0,"parent":0,"menu_order":0,"comment_status":"closed","ping_status":"closed","template":"100-width.php","meta":{"footnotes":""},"class_list":["post-1024","page","type-page","status-publish","hentry"],"_links":{"self":[{"href":"https:\/\/efg-hersbruck.de\/wordpress\/wp-json\/wp\/v2\/pages\/1024","targetHints":{"allow":["GET"]}}],"collection":[{"href":"https:\/\/efg-hersbruck.de\/wordpress\/wp-json\/wp\/v2\/pages"}],"about":[{"href":"https:\/\/efg-hersbruck.de\/wordpress\/wp-json\/wp\/v2\/types\/page"}],"author":[{"embeddable":true,"href":"https:\/\/efg-hersbruck.de\/wordpress\/wp-json\/wp\/v2\/users\/2"}],"replies":[{"embeddable":true,"href":"https:\/\/efg-hersbruck.de\/wordpress\/wp-json\/wp\/v2\/comments?post=1024"}],"version-history":[{"count":48,"href":"https:\/\/efg-hersbruck.de\/wordpress\/wp-json\/wp\/v2\/pages\/1024\/revisions"}],"predecessor-version":[{"id":10978,"href":"https:\/\/efg-hersbruck.de\/wordpress\/wp-json\/wp\/v2\/pages\/1024\/revisions\/10978"}],"wp:attachment":[{"href":"https:\/\/efg-hersbruck.de\/wordpress\/wp-json\/wp\/v2\/media?parent=1024"}],"curies":[{"name":"wp","href":"https:\/\/api.w.org\/{rel}","templated":true}]}}